{"id":1892,"date":"2024-06-12T12:29:37","date_gmt":"2024-06-12T10:29:37","guid":{"rendered":"https:\/\/parkingcentre.es\/?page_id=1892"},"modified":"2024-06-18T10:20:30","modified_gmt":"2024-06-18T08:20:30","slug":"cookies","status":"publish","type":"page","link":"https:\/\/parkingcentre.es\/en\/cookies\/","title":{"rendered":"Cookies policy"},"content":{"rendered":"<div data-elementor-type=\"wp-page\" data-elementor-id=\"1892\" class=\"elementor elementor-1892\" data-elementor-post-type=\"page\">\n\t\t\t\t<div class=\"elementor-element elementor-element-7ce2e83 e-flex e-con-boxed e-con e-parent\" data-id=\"7ce2e83\" data-element_type=\"container\">\n\t\t\t\t\t<div class=\"e-con-inner\">\n\t\t\t\t<div class=\"elementor-element elementor-element-a892012 elementor-widget elementor-widget-html\" data-id=\"a892012\" data-element_type=\"widget\" data-widget_type=\"html.default\">\n\t\t\t\t<div class=\"elementor-widget-container\">\n\t\t\t\t\t<!DOCTYPE html>\n<html lang=\"es\">\n<head>\n    <meta charset=\"UTF-8\">\n    <title>Pol\u00edtica de Privacidad<\/title>\n    <style>\n        \/* Agrega alg\u00fan estilo b\u00e1sico para que sea m\u00e1s agradable visualmente *\/\n       \n        p, ol, li {\n            margin-bottom: 10px;\n        }\n    <\/style>\n<\/head>\n<body>\n    <h1 class=\"privacy-policy-h1\">Pol\u00edtica de Privacidad<\/h1>\n    <br><span>\u00daltima Actualizaci\u00f3n: 18-Jun-2024<\/span>\n    <br><span>Fecha de Entrada en Vigor: 18-Jun-2024<\/span>\n    \n\n    <p class=\"privacy-policy-p\" id=\"intro\"><\/p>\n\n    <p class=\"privacy-policy-p\">\n        Podemos modificar esta Pol\u00edtica de Privacidad en cualquier momento sin\n        previo aviso y publicaremos la Pol\u00edtica de Privacidad revisada\n        en el Servicio. La Pol\u00edtica revisada\n        ser\u00e1 efectiva 180 d\u00edas a partir de su publicaci\u00f3n en el Servicio y su\n        acceso o uso continuado del Servicio despu\u00e9s de dicho tiempo\n        constituir\u00e1 su aceptaci\u00f3n de la Pol\u00edtica de Privacidad revisada. Por lo tanto, le recomendamos que revise peri\u00f3dicamente esta p\u00e1gina.\n    <\/p>\n\n    <ol class=\"privacy-policy-ol\">\n        <li>\n            <h2 class=\"privacy-policy-h2\">\n                Informaci\u00f3n Que Recopilamos:\n            <\/h2>\n            <p class=\"privacy-policy-p\">\n                Recopilaremos y procesaremos la siguiente\n                informaci\u00f3n personal sobre usted:\n            <\/p>\n            <ol class=\"privacy-policy-ol\">\n                <li>Nombre<\/li>\n                <li>Correo Electr\u00f3nico<\/li>\n                <li>M\u00f3vil<\/li>\n            <\/ol>\n        <\/li>\n\n        <li>\n            <h2 class=\"privacy-policy-h2\">\n                C\u00f3mo Usamos Su Informaci\u00f3n:\n            <\/h2>\n            <p class=\"privacy-policy-p\">\n                Usaremos la informaci\u00f3n que recopilamos\n                sobre usted para los siguientes prop\u00f3sitos:\n            <\/p>\n            <ol class=\"privacy-policy-ol\">\n                <li>Gestionar el pedido del cliente<\/li>\n            <\/ol>\n            <p class=\"privacy-policy-p\">\n                Si queremos usar su informaci\u00f3n para cualquier otro\n                prop\u00f3sito, le solicitaremos su consentimiento y\n                usaremos su informaci\u00f3n solo al recibir su\n                consentimiento y solo para el\/los prop\u00f3sito(s) para\n                el cual otorgue su consentimiento, a menos que estemos obligados a hacer\n                lo contrario por ley.\n            <\/p>\n        <\/li>\n\n        <li>\n            <h2 class=\"privacy-policy-h2\">\n                Retenci\u00f3n De Su Informaci\u00f3n:\n            <\/h2>\n            <p class=\"privacy-policy-p\">\n                Retendremos su informaci\u00f3n personal con nosotros\n                por\n                un per\u00edodo de 90 d\u00edas a 2 a\u00f1os despu\u00e9s de que el usuario termine la cuenta\n                o mientras\n                la necesitemos para cumplir con los prop\u00f3sitos para\n                los cuales fue recopilada, como se detalla en esta\n                Pol\u00edtica de Privacidad. Es posible que necesitemos retener cierta\n                informaci\u00f3n por per\u00edodos m\u00e1s largos, como\n                el mantenimiento de registros o informes de acuerdo con\n                la ley aplicable o por otros motivos leg\u00edtimos,\n                como la aplicaci\u00f3n de derechos legales, la prevenci\u00f3n de fraudes, etc. La informaci\u00f3n residual an\u00f3nima\n                e informaci\u00f3n agregada, que no lo identifica\n                (directa o indirectamente), puede ser almacenada indefinidamente.\n            <\/p>\n        <\/li>\n    \n        <li>\n            <h2 class=\"privacy-policy-h2\">\n                Sus Derechos:\n            <\/h2>\n            <p class=\"privacy-policy-p\">\n                Dependiendo de la ley que se aplique, usted puede tener\n                el derecho de acceder y rectificar o borrar sus\n                datos personales o recibir una copia de sus datos personales, restringir u oponerse al procesamiento activo de sus datos, pedirnos que compartamos (portemos)\n                su informaci\u00f3n personal a otra entidad,\n                retirar cualquier consentimiento que nos haya\n                proporcionado para procesar sus datos, el derecho a presentar una queja\n                ante una autoridad legal y otros derechos\n                relevantes seg\u00fan las leyes aplicables. Para\n                ejercer estos derechos, puede escribirnos a\n                <span id=\"email\"><\/span>.\n                Responderemos a su\n                solicitud de acuerdo con la ley aplicable.\n            <\/p>\n            <p class=\"privacy-policy-p\">\n                Tenga en cuenta que si no nos permite recopilar\n                o procesar la informaci\u00f3n personal necesaria o\n                retira el consentimiento para procesar la misma para los\n                fines requeridos, es posible que no pueda acceder\n                o usar los servicios para los cuales se solicit\u00f3 su informaci\u00f3n.\n            <\/p>\n        <\/li>\n\n        <li>\n            <h2 class=\"privacy-policy-h2\">\n                Seguridad:\n            <\/h2>\n            <p class=\"privacy-policy-p\">\n                La seguridad de su informaci\u00f3n es importante para\n                nosotros y utilizaremos medidas de seguridad razonables\n                para evitar la p\u00e9rdida, el uso indebido o la alteraci\u00f3n no autorizada de su informaci\u00f3n bajo nuestro\n                control. Sin embargo, dada la naturaleza inherente de los riesgos, no podemos garantizar una seguridad absoluta y, por tanto, no podemos asegurar o garantizar la seguridad de cualquier informaci\u00f3n que nos transmita\n                y lo hace bajo su propio riesgo.\n            <\/p>\n        <\/li>\n\n        <li>\n            <h2 class=\"privacy-policy-h2\">\n                Quejas \/ Oficial de Protecci\u00f3n de Datos:\n            <\/h2>\n            <p class=\"privacy-policy-p\">\n                Si tiene alguna consulta o inquietud sobre el\n                procesamiento de su informaci\u00f3n que est\u00e1 en nuestra posesi\u00f3n, puede enviar un correo electr\u00f3nico a nuestro Oficial de Protecci\u00f3n de Datos en\n                <span id=\"parkingName\"><\/span>,\n                <span id=\"address\"><\/span>,\n                email: <span id=\"email2\"><\/span>.\n                Abordaremos sus inquietudes de acuerdo con la ley aplicable.\n            <\/p>\n        <\/li>\n    <\/ol>\n\n\n    <script>\n \n\n        \/\/ Insertar los datos din\u00e1micamente en el HTML\n        document.getElementById(\"intro\").innerHTML = `${parkingName},<br>${address},<br>${city},<br>${postalCode},<br>${country},<br>email: <a href=\"mailto:${email}\">${email}<\/a>,<br>tel\u00e9fono: ${phone}<br>sobre la recopilaci\u00f3n, uso y divulgaci\u00f3n de su informaci\u00f3n que recopilamos cuando utiliza nuestro sitio web (<a href=\"${website}\">${website}<\/a>). (el \u201cServicio\u201d). Al acceder o usar el Servicio, usted consiente la recopilaci\u00f3n, uso y divulgaci\u00f3n de su informaci\u00f3n de acuerdo con esta Pol\u00edtica de Privacidad. Si no consiente lo mismo, por favor, no acceda ni use el Servicio.`;\n\n        document.getElementById(\"email\").innerHTML = `<a href=\"mailto:${email}\">${email}<\/a>`;\n        document.getElementById(\"parkingName\").textContent = parkingName;\n        document.getElementById(\"address\").textContent = `${address}, ${city}, ${postalCode}, ${country}`;\n        document.getElementById(\"email2\").innerHTML = `<a href=\"mailto:${email}\">${email}<\/a>`;\n    <\/script>\n<\/body>\n<\/html>\n\t\t\t\t<\/div>\n\t\t\t\t<\/div>\n\t\t\t\t\t<\/div>\n\t\t\t\t<\/div>\n\t\t<div class=\"elementor-element elementor-element-0efdb13 e-flex e-con-boxed e-con e-parent\" data-id=\"0efdb13\" data-element_type=\"container\">\n\t\t\t\t\t<div class=\"e-con-inner\">\n\t\t\t\t<div class=\"elementor-element elementor-element-bfddad7 elementor-widget elementor-widget-html\" data-id=\"bfddad7\" data-element_type=\"widget\" data-widget_type=\"html.default\">\n\t\t\t\t<div class=\"elementor-widget-container\">\n\t\t\t\t\t<script>\n    document.addEventListener(\"DOMContentLoaded\", function() {\n    \/\/ Accede a los datos localizados\n    const parkingName = acfData.parkingName || \"Nombre del Parking no disponible\";\n    const address = acfData.address || \"Direcci\u00f3n no disponible\";\n    const city = acfData.city || \"Ciudad no disponible\";\n    const postalCode = acfData.postalCode || \"C\u00f3digo Postal no disponible\";\n    const country = acfData.country || \"Pa\u00eds no disponible\";\n    const email = acfData.email || \"Correo no disponible\";\n    const phone = acfData.phone || \"Tel\u00e9fono no disponible\";\n    const website = acfData.website;\n\n    \/\/ Ahora puedes usar estos datos para actualizar el contenido del DOM o cualquier otro uso\n    console.log(\"Parking Name:\", parkingName);\n    console.log(\"Address:\", address);\n    console.log(\"City:\", city);\n    console.log(\"Postal Code:\", postalCode);\n    console.log(\"Country:\", country);\n    console.log(\"Email:\", email);\n    console.log(\"Phone:\", phone);\n    console.log(\"Website:\", website);\n\n    \/\/ Por ejemplo, actualizando el contenido de los elementos HTML\n    document.getElementById(\"intro\").innerHTML = `${parkingName},<br>${address},${city},${postalCode}, ${country},<br>Correo electr\u00f3nico: <a href=\"mailto:${email}\">${email}<\/a>,<br>Tel\u00e9fono de contacto: ${phone}<br> P\u00e1gina web: <a href=\"${website}\">${website}<\/a>`;\n\n    document.getElementById(\"email\").innerHTML = `<a href=\"mailto:${email}\">${email}<\/a>`;\n    document.getElementById(\"parkingName\").textContent = parkingName;\n    document.getElementById(\"address\").textContent = `${address}, ${city}, ${postalCode}, ${country}`;\n    document.getElementById(\"email2\").innerHTML = `<a href=\"mailto:${email}\">${email}<\/a>`;\n});\n\n<\/script>\t\t\t\t<\/div>\n\t\t\t\t<\/div>\n\t\t\t\t\t<\/div>\n\t\t\t\t<\/div>\n\t\t\t\t<\/div>","protected":false},"excerpt":{"rendered":"<p>Pol\u00edtica de Privacidad Pol\u00edtica de Privacidad \u00daltima Actualizaci\u00f3n: 18-Jun-2024 Fecha de Entrada en Vigor: 18-Jun-2024 Podemos modificar esta Pol\u00edtica de [&hellip;]<\/p>","protected":false},"author":1,"featured_media":0,"parent":0,"menu_order":0,"comment_status":"closed","ping_status":"closed","template":"elementor_header_footer","meta":{"site-sidebar-layout":"default","site-content-layout":"","ast-site-content-layout":"","site-content-style":"default","site-sidebar-style":"default","ast-global-header-display":"","ast-banner-title-visibility":"","ast-main-header-display":"","ast-hfb-above-header-display":"","ast-hfb-below-header-display":"","ast-hfb-mobile-header-display":"","site-post-title":"","ast-breadcrumbs-content":"","ast-featured-img":"","footer-sml-layout":"","theme-transparent-header-meta":"","adv-header-id-meta":"","stick-header-meta":"","header-above-stick-meta":"","header-main-stick-meta":"","header-below-stick-meta":"","astra-migrate-meta-layouts":"default","ast-page-background-enabled":"default","ast-page-background-meta":{"desktop":{"background-color":"var(--ast-global-color-4)","background-image":"","background-repeat":"repeat","background-position":"center center","background-size":"auto","background-attachment":"scroll","background-type":"","background-media":"","overlay-type":"","overlay-color":"","overlay-opacity":"","overlay-gradient":""},"tablet":{"background-color":"","background-image":"","background-repeat":"repeat","background-position":"center center","background-size":"auto","background-attachment":"scroll","background-type":"","background-media":"","overlay-type":"","overlay-color":"","overlay-opacity":"","overlay-gradient":""},"mobile":{"background-color":"","background-image":"","background-repeat":"repeat","background-position":"center center","background-size":"auto","background-attachment":"scroll","background-type":"","background-media":"","overlay-type":"","overlay-color":"","overlay-opacity":"","overlay-gradient":""}},"ast-content-background-meta":{"desktop":{"background-color":"var(--ast-global-color-5)","background-image":"","background-repeat":"repeat","background-position":"center center","background-size":"auto","background-attachment":"scroll","background-type":"","background-media":"","overlay-type":"","overlay-color":"","overlay-opacity":"","overlay-gradient":""},"tablet":{"background-color":"var(--ast-global-color-5)","background-image":"","background-repeat":"repeat","background-position":"center center","background-size":"auto","background-attachment":"scroll","background-type":"","background-media":"","overlay-type":"","overlay-color":"","overlay-opacity":"","overlay-gradient":""},"mobile":{"background-color":"var(--ast-global-color-5)","background-image":"","background-repeat":"repeat","background-position":"center center","background-size":"auto","background-attachment":"scroll","background-type":"","background-media":"","overlay-type":"","overlay-color":"","overlay-opacity":"","overlay-gradient":""}},"footnotes":""},"class_list":["post-1892","page","type-page","status-publish","hentry"],"acf":[],"yoast_head":"<!-- This site is optimized with the Yoast SEO plugin v22.8 - https:\/\/yoast.com\/wordpress\/plugins\/seo\/ -->\n<title>Pol\u00edtica de Cookies - Parking Centre Santa Coloma<\/title>\n<meta name=\"robots\" content=\"index, follow, max-snippet:-1, max-image-preview:large, max-video-preview:-1\" \/>\n<link rel=\"canonical\" href=\"https:\/\/parkingcentre.es\/en\/cookies\/\" \/>\n<meta property=\"og:locale\" content=\"en_GB\" \/>\n<meta property=\"og:type\" content=\"article\" \/>\n<meta property=\"og:title\" content=\"Pol\u00edtica de Cookies - Parking Centre Santa Coloma\" \/>\n<meta property=\"og:description\" content=\"Pol\u00edtica de Privacidad Pol\u00edtica de Privacidad \u00daltima Actualizaci\u00f3n: 18-Jun-2024 Fecha de Entrada en Vigor: 18-Jun-2024 Podemos modificar esta Pol\u00edtica de [&hellip;]\" \/>\n<meta property=\"og:url\" content=\"https:\/\/parkingcentre.es\/en\/cookies\/\" \/>\n<meta property=\"og:site_name\" content=\"Parking Centre Santa Coloma\" \/>\n<meta property=\"article:modified_time\" content=\"2024-06-18T08:20:30+00:00\" \/>\n<meta name=\"twitter:card\" content=\"summary_large_image\" \/>\n<meta name=\"twitter:label1\" content=\"Estimated reading time\" \/>\n\t<meta name=\"twitter:data1\" content=\"3 minutes\" \/>\n<script type=\"application\/ld+json\" class=\"yoast-schema-graph\">{\"@context\":\"https:\/\/schema.org\",\"@graph\":[{\"@type\":\"WebPage\",\"@id\":\"https:\/\/parkingcentre.es\/cookies\/\",\"url\":\"https:\/\/parkingcentre.es\/cookies\/\",\"name\":\"Pol\u00edtica de Cookies - Parking Centre Santa Coloma\",\"isPartOf\":{\"@id\":\"https:\/\/parkingcentre.es\/#website\"},\"datePublished\":\"2024-06-12T10:29:37+00:00\",\"dateModified\":\"2024-06-18T08:20:30+00:00\",\"breadcrumb\":{\"@id\":\"https:\/\/parkingcentre.es\/cookies\/#breadcrumb\"},\"inLanguage\":\"en-GB\",\"potentialAction\":[{\"@type\":\"ReadAction\",\"target\":[\"https:\/\/parkingcentre.es\/cookies\/\"]}]},{\"@type\":\"BreadcrumbList\",\"@id\":\"https:\/\/parkingcentre.es\/cookies\/#breadcrumb\",\"itemListElement\":[{\"@type\":\"ListItem\",\"position\":1,\"name\":\"Home\",\"item\":\"https:\/\/parkingcentre.es\/\"},{\"@type\":\"ListItem\",\"position\":2,\"name\":\"Pol\u00edtica de Cookies\"}]},{\"@type\":\"WebSite\",\"@id\":\"https:\/\/parkingcentre.es\/#website\",\"url\":\"https:\/\/parkingcentre.es\/\",\"name\":\"Parking Centre Santa Coloma\",\"description\":\"\",\"potentialAction\":[{\"@type\":\"SearchAction\",\"target\":{\"@type\":\"EntryPoint\",\"urlTemplate\":\"https:\/\/parkingcentre.es\/?s={search_term_string}\"},\"query-input\":\"required name=search_term_string\"}],\"inLanguage\":\"en-GB\"}]}<\/script>\n<!-- \/ Yoast SEO plugin. -->","yoast_head_json":{"title":"Pol\u00edtica de Cookies - Parking Centre Santa Coloma","robots":{"index":"index","follow":"follow","max-snippet":"max-snippet:-1","max-image-preview":"max-image-preview:large","max-video-preview":"max-video-preview:-1"},"canonical":"https:\/\/parkingcentre.es\/en\/cookies\/","og_locale":"en_GB","og_type":"article","og_title":"Pol\u00edtica de Cookies - Parking Centre Santa Coloma","og_description":"Pol\u00edtica de Privacidad Pol\u00edtica de Privacidad \u00daltima Actualizaci\u00f3n: 18-Jun-2024 Fecha de Entrada en Vigor: 18-Jun-2024 Podemos modificar esta Pol\u00edtica de [&hellip;]","og_url":"https:\/\/parkingcentre.es\/en\/cookies\/","og_site_name":"Parking Centre Santa Coloma","article_modified_time":"2024-06-18T08:20:30+00:00","twitter_card":"summary_large_image","twitter_misc":{"Estimated reading time":"3 minutes"},"schema":{"@context":"https:\/\/schema.org","@graph":[{"@type":"WebPage","@id":"https:\/\/parkingcentre.es\/cookies\/","url":"https:\/\/parkingcentre.es\/cookies\/","name":"Pol\u00edtica de Cookies - Parking Centre Santa Coloma","isPartOf":{"@id":"https:\/\/parkingcentre.es\/#website"},"datePublished":"2024-06-12T10:29:37+00:00","dateModified":"2024-06-18T08:20:30+00:00","breadcrumb":{"@id":"https:\/\/parkingcentre.es\/cookies\/#breadcrumb"},"inLanguage":"en-GB","potentialAction":[{"@type":"ReadAction","target":["https:\/\/parkingcentre.es\/cookies\/"]}]},{"@type":"BreadcrumbList","@id":"https:\/\/parkingcentre.es\/cookies\/#breadcrumb","itemListElement":[{"@type":"ListItem","position":1,"name":"Home","item":"https:\/\/parkingcentre.es\/"},{"@type":"ListItem","position":2,"name":"Pol\u00edtica de Cookies"}]},{"@type":"WebSite","@id":"https:\/\/parkingcentre.es\/#website","url":"https:\/\/parkingcentre.es\/","name":"Parking Centre Santa Coloma","description":"","potentialAction":[{"@type":"SearchAction","target":{"@type":"EntryPoint","urlTemplate":"https:\/\/parkingcentre.es\/?s={search_term_string}"},"query-input":"required name=search_term_string"}],"inLanguage":"en-GB"}]}},"_links":{"self":[{"href":"https:\/\/parkingcentre.es\/en\/wp-json\/wp\/v2\/pages\/1892","targetHints":{"allow":["GET"]}}],"collection":[{"href":"https:\/\/parkingcentre.es\/en\/wp-json\/wp\/v2\/pages"}],"about":[{"href":"https:\/\/parkingcentre.es\/en\/wp-json\/wp\/v2\/types\/page"}],"author":[{"embeddable":true,"href":"https:\/\/parkingcentre.es\/en\/wp-json\/wp\/v2\/users\/1"}],"replies":[{"embeddable":true,"href":"https:\/\/parkingcentre.es\/en\/wp-json\/wp\/v2\/comments?post=1892"}],"version-history":[{"count":54,"href":"https:\/\/parkingcentre.es\/en\/wp-json\/wp\/v2\/pages\/1892\/revisions"}],"predecessor-version":[{"id":2034,"href":"https:\/\/parkingcentre.es\/en\/wp-json\/wp\/v2\/pages\/1892\/revisions\/2034"}],"wp:attachment":[{"href":"https:\/\/parkingcentre.es\/en\/wp-json\/wp\/v2\/media?parent=1892"}],"curies":[{"name":"wp","href":"https:\/\/api.w.org\/{rel}","templated":true}]}}